{"id":3683,"date":"2024-10-18T17:29:07","date_gmt":"2024-10-18T16:29:07","guid":{"rendered":"https:\/\/idoiaasurmendi.com\/?page_id=3683"},"modified":"2024-12-08T19:59:00","modified_gmt":"2024-12-08T18:59:00","slug":"la-castellana","status":"publish","type":"page","link":"https:\/\/idoiaasurmendi.com\/eu\/la-castellana\/","title":{"rendered":"La castellana"},"content":{"rendered":"<p>[vc_row css=&#8221;.vc_custom_1603877759539{margin-top: 40px !important;}&#8221;][vc_column width=&#8221;1\/2&#8243;][vc_single_image image=&#8221;3640&#8243; img_size=&#8221;400&#215;364&#8243; onclick=&#8221;custom_link&#8221; link=&#8221;https:\/\/idoiaasurmendi.com\/eu\/idoia\/&#8221;][vc_column_text]<\/p>\n<div style=\"overflow-x: auto;\">\n<table>\n<tbody>\n<tr>\n<td width=\"80%\">1. Nueve de febrero<\/td>\n<td width=\"20%\"><a href=\"https:\/\/www.youtube.com\/watch?v=NC0u81yhJYc\" target=\"_blank\" rel=\"noopener\"><img loading=\"lazy\" class=\"alignright wp-image-3770\" src=\"https:\/\/idoiaasurmendi.com\/wp-content\/uploads\/2024\/12\/youtube-logo-150x150.png\" alt=\"\" width=\"25\" height=\"25\" srcset=\"https:\/\/idoiaasurmendi.com\/wp-content\/uploads\/2024\/12\/youtube-logo-150x150.png 150w, https:\/\/idoiaasurmendi.com\/wp-content\/uploads\/2024\/12\/youtube-logo-300x300.png 300w, https:\/\/idoiaasurmendi.com\/wp-content\/uploads\/2024\/12\/youtube-logo.png 512w\" sizes=\"(max-width: 25px) 100vw, 25px\" \/><\/a><\/td>\n<\/tr>\n<tr>\n<td width=\"80%\">2. Autofikzioa<\/td>\n<td width=\"20%\"><a href=\"https:\/\/www.youtube.com\/watch?v=jLuB6oNNp0k\" target=\"_blank\" rel=\"noopener\"><img loading=\"lazy\" class=\"alignright wp-image-3770\" src=\"https:\/\/idoiaasurmendi.com\/wp-content\/uploads\/2024\/12\/youtube-logo-150x150.png\" alt=\"\" width=\"25\" height=\"25\" srcset=\"https:\/\/idoiaasurmendi.com\/wp-content\/uploads\/2024\/12\/youtube-logo-150x150.png 150w, https:\/\/idoiaasurmendi.com\/wp-content\/uploads\/2024\/12\/youtube-logo-300x300.png 300w, https:\/\/idoiaasurmendi.com\/wp-content\/uploads\/2024\/12\/youtube-logo.png 512w\" sizes=\"(max-width: 25px) 100vw, 25px\" \/><\/a><\/td>\n<\/tr>\n<tr>\n<td width=\"80%\">3. MOMO<\/td>\n<td width=\"20%\"><a href=\"https:\/\/www.youtube.com\/watch?v=MKWHi5Ic50Y\" target=\"_blank\" rel=\"noopener\"><img loading=\"lazy\" class=\"alignright wp-image-3770\" src=\"https:\/\/idoiaasurmendi.com\/wp-content\/uploads\/2024\/12\/youtube-logo-150x150.png\" alt=\"\" width=\"25\" height=\"25\" srcset=\"https:\/\/idoiaasurmendi.com\/wp-content\/uploads\/2024\/12\/youtube-logo-150x150.png 150w, https:\/\/idoiaasurmendi.com\/wp-content\/uploads\/2024\/12\/youtube-logo-300x300.png 300w, https:\/\/idoiaasurmendi.com\/wp-content\/uploads\/2024\/12\/youtube-logo.png 512w\" sizes=\"(max-width: 25px) 100vw, 25px\" \/><\/a><\/td>\n<\/tr>\n<tr>\n<td width=\"80%\">4. Sarearena<\/td>\n<td width=\"20%\"><a href=\"https:\/\/www.youtube.com\/watch?v=dzU2dOppvVE\" target=\"_blank\" rel=\"noopener\"><img loading=\"lazy\" class=\"alignright wp-image-3770\" src=\"https:\/\/idoiaasurmendi.com\/wp-content\/uploads\/2024\/12\/youtube-logo-150x150.png\" alt=\"\" width=\"25\" height=\"25\" srcset=\"https:\/\/idoiaasurmendi.com\/wp-content\/uploads\/2024\/12\/youtube-logo-150x150.png 150w, https:\/\/idoiaasurmendi.com\/wp-content\/uploads\/2024\/12\/youtube-logo-300x300.png 300w, https:\/\/idoiaasurmendi.com\/wp-content\/uploads\/2024\/12\/youtube-logo.png 512w\" sizes=\"(max-width: 25px) 100vw, 25px\" \/><\/a><\/td>\n<\/tr>\n<tr>\n<td width=\"80%\">5. La castellana<\/td>\n<td width=\"20%\"><a href=\"https:\/\/www.youtube.com\/watch?v=2AAxj1_bUyU\" target=\"_blank\" rel=\"noopener\"><img loading=\"lazy\" class=\"alignright wp-image-3770\" src=\"https:\/\/idoiaasurmendi.com\/wp-content\/uploads\/2024\/12\/youtube-logo-150x150.png\" alt=\"\" width=\"25\" height=\"25\" srcset=\"https:\/\/idoiaasurmendi.com\/wp-content\/uploads\/2024\/12\/youtube-logo-150x150.png 150w, https:\/\/idoiaasurmendi.com\/wp-content\/uploads\/2024\/12\/youtube-logo-300x300.png 300w, https:\/\/idoiaasurmendi.com\/wp-content\/uploads\/2024\/12\/youtube-logo.png 512w\" sizes=\"(max-width: 25px) 100vw, 25px\" \/><\/a><\/td>\n<\/tr>\n<tr>\n<td width=\"80%\">6. Mi vida huele a flor (un poema de Elvira Sastre)<\/td>\n<td width=\"20%\"><a href=\"https:\/\/www.youtube.com\/watch?v=5AOialzPbd0\" target=\"_blank\" rel=\"noopener\"><img loading=\"lazy\" class=\"alignright wp-image-3770\" src=\"https:\/\/idoiaasurmendi.com\/wp-content\/uploads\/2024\/12\/youtube-logo-150x150.png\" alt=\"\" width=\"25\" height=\"25\" srcset=\"https:\/\/idoiaasurmendi.com\/wp-content\/uploads\/2024\/12\/youtube-logo-150x150.png 150w, https:\/\/idoiaasurmendi.com\/wp-content\/uploads\/2024\/12\/youtube-logo-300x300.png 300w, https:\/\/idoiaasurmendi.com\/wp-content\/uploads\/2024\/12\/youtube-logo.png 512w\" sizes=\"(max-width: 25px) 100vw, 25px\" \/><\/a><\/td>\n<\/tr>\n<tr>\n<td width=\"80%\">7. Un \u00faltimo baile bajo el aguacero<\/td>\n<td width=\"20%\"><a href=\"https:\/\/www.youtube.com\/watch?v=5yQZdsebNmo\" target=\"_blank\" rel=\"noopener\"><img loading=\"lazy\" class=\"alignright wp-image-3770\" src=\"https:\/\/idoiaasurmendi.com\/wp-content\/uploads\/2024\/12\/youtube-logo-150x150.png\" alt=\"\" width=\"25\" height=\"25\" srcset=\"https:\/\/idoiaasurmendi.com\/wp-content\/uploads\/2024\/12\/youtube-logo-150x150.png 150w, https:\/\/idoiaasurmendi.com\/wp-content\/uploads\/2024\/12\/youtube-logo-300x300.png 300w, https:\/\/idoiaasurmendi.com\/wp-content\/uploads\/2024\/12\/youtube-logo.png 512w\" sizes=\"(max-width: 25px) 100vw, 25px\" \/><\/a><\/td>\n<\/tr>\n<tr>\n<td width=\"80%\">8. Calma<\/td>\n<td width=\"20%\"><a href=\"https:\/\/www.youtube.com\/watch?v=Mu6RWN1EzQE\" target=\"_blank\" rel=\"noopener\"><img loading=\"lazy\" class=\"alignright wp-image-3770\" src=\"https:\/\/idoiaasurmendi.com\/wp-content\/uploads\/2024\/12\/youtube-logo-150x150.png\" alt=\"\" width=\"25\" height=\"25\" srcset=\"https:\/\/idoiaasurmendi.com\/wp-content\/uploads\/2024\/12\/youtube-logo-150x150.png 150w, https:\/\/idoiaasurmendi.com\/wp-content\/uploads\/2024\/12\/youtube-logo-300x300.png 300w, https:\/\/idoiaasurmendi.com\/wp-content\/uploads\/2024\/12\/youtube-logo.png 512w\" sizes=\"(max-width: 25px) 100vw, 25px\" \/><\/a><\/td>\n<\/tr>\n<\/tbody>\n<\/table>\n<\/div>\n<p>[\/vc_column_text][\/vc_column][vc_column width=&#8221;1\/2&#8243;][vc_column_text]Esta es la historia que quiero contar,<br \/>\nherida que el tiempo no pudo curar.<br \/>\nDuelo, silencio y la tradici\u00f3n<br \/>\nde una casa castellana.<\/p>\n<p>De cuatro hermanas era la mayor,<br \/>\nbordaba vestidos que nunca visti\u00f3.<br \/>\nCinco primaveras so\u00f1ando con ver florecer<br \/>\nalguna flor.<\/p>\n<p><strong>Al alba, ojal\u00e1 mirarte al alba.<\/strong><br \/>\n<strong>Horizontes que arden en campos tan lejanos.<\/strong><br \/>\n<strong>Y \u00bfqui\u00e9n me ha robado esta vez<\/strong><br \/>\n<strong>ese cielo que tanto am\u00e9?<\/strong><br \/>\n<strong>Ay, mi querida Castilla,<\/strong><br \/>\n<strong>siempre yo te recordar\u00e9.<\/strong><\/p>\n<p>Fue una historia de amor,<br \/>\nun romance imposible, una eterna canci\u00f3n.<br \/>\nNoches en vela esperando una voz<br \/>\ny al final el tiempo no esper\u00f3.<\/p>\n<p>La historia no acaba aqu\u00ed,<br \/>\nquiz\u00e1 alg\u00fan d\u00eda volver\u00e9 a escribir.<br \/>\nHoy brindaremos al alba<br \/>\npor ti,<br \/>\npor el cielo que amaste una vez.<\/p>\n<p>Ay, tu querida Castilla<br \/>\ncantar\u00e1 para ti.<\/p>\n<p>Por tus tierras,<br \/>\npor lo que no pudiste vivir.[\/vc_column_text][\/vc_column][\/vc_row]<\/p>\n","protected":false},"excerpt":{"rendered":"<p>[vc_row css=&#8221;.vc_custom_1603877759539{margin-top: 40px !important;}&#8221;][vc_column width=&#8221;1\/2&#8243;][vc_single_image image=&#8221;3640&#8243; img_size=&#8221;400&#215;364&#8243; onclick=&#8221;custom_link&#8221; link=&#8221;https:\/\/idoiaasurmendi.com\/eu\/idoia\/&#8221;][vc_column_text] 1. Nueve de febrero 2. Autofikzioa 3. MOMO 4. Sarearena 5. La castellana 6. Mi vida huele a flor (un poema de Elvira Sastre) 7. Un \u00faltimo baile bajo el aguacero&#8230;<\/p>\n","protected":false},"author":4,"featured_media":0,"parent":0,"menu_order":0,"comment_status":"closed","ping_status":"closed","template":"","meta":[],"yoast_head":"<!-- This site is optimized with the Yoast SEO plugin v16.1.1 - https:\/\/yoast.com\/wordpress\/plugins\/seo\/ -->\n<title>La castellana | Idoia Asurmendi<\/title>\n<link rel=\"canonical\" href=\"https:\/\/idoiaasurmendi.com\/eu\/la-castellana\/\" \/>\n<meta property=\"og:locale\" content=\"eu_ES\" \/>\n<meta property=\"og:type\" content=\"article\" \/>\n<meta property=\"og:title\" content=\"La castellana | Idoia Asurmendi\" \/>\n<meta property=\"og:description\" content=\"[vc_row css=&#8221;.vc_custom_1603877759539{margin-top: 40px !important;}&#8221;][vc_column width=&#8221;1\/2&#8243;][vc_single_image image=&#8221;3640&#8243; img_size=&#8221;400&#215;364&#8243; onclick=&#8221;custom_link&#8221; link=&#8221;https:\/\/idoiaasurmendi.com\/eu\/idoia\/&#8221;][vc_column_text] 1. Nueve de febrero 2. Autofikzioa 3. MOMO 4. Sarearena 5. La castellana 6. Mi vida huele a flor (un poema de Elvira Sastre) 7. Un \u00faltimo baile bajo el aguacero...\" \/>\n<meta property=\"og:url\" content=\"https:\/\/idoiaasurmendi.com\/eu\/la-castellana\/\" \/>\n<meta property=\"og:site_name\" content=\"Idoia Asurmendi\" \/>\n<meta property=\"article:publisher\" content=\"https:\/\/www.facebook.com\/belakomusic\" \/>\n<meta property=\"article:modified_time\" content=\"2024-12-08T18:59:00+00:00\" \/>\n<meta property=\"og:image\" content=\"https:\/\/idoiaasurmendi.com\/wp-content\/uploads\/2021\/04\/portada-disco.jpg\" \/>\n\t<meta property=\"og:image:width\" content=\"772\" \/>\n\t<meta property=\"og:image:height\" content=\"702\" \/>\n<meta name=\"twitter:card\" content=\"summary_large_image\" \/>\n<meta name=\"twitter:image\" content=\"https:\/\/idoiaasurmendi.com\/wp-content\/uploads\/2021\/04\/portada-disco.jpg\" \/>\n<meta name=\"twitter:site\" content=\"@belakoband\" \/>\n<meta name=\"twitter:label1\" content=\"Est. reading time\">\n\t<meta name=\"twitter:data1\" content=\"2 minutes\">\n<script type=\"application\/ld+json\" class=\"yoast-schema-graph\">{\"@context\":\"https:\/\/schema.org\",\"@graph\":[{\"@type\":\"Organization\",\"@id\":\"https:\/\/idoiaasurmendi.com\/#organization\",\"name\":\"Idoia Asurmendi\",\"url\":\"https:\/\/idoiaasurmendi.com\/\",\"sameAs\":[\"https:\/\/www.facebook.com\/belakomusic\",\"https:\/\/www.instagram.com\/belakoo\/\",\"https:\/\/www.youtube.com\/channel\/UCFIPILDioGll78R6lQd9-iw\",\"https:\/\/twitter.com\/belakoband\"],\"logo\":{\"@type\":\"ImageObject\",\"@id\":\"https:\/\/idoiaasurmendi.com\/#logo\",\"inLanguage\":\"eu-ES\",\"url\":\"https:\/\/idoiaasurmendi.com\/wp-content\/uploads\/2020\/10\/belako-logo-e1603296760599.png\",\"contentUrl\":\"https:\/\/idoiaasurmendi.com\/wp-content\/uploads\/2020\/10\/belako-logo-e1603296760599.png\",\"width\":180,\"height\":45,\"caption\":\"Idoia Asurmendi\"},\"image\":{\"@id\":\"https:\/\/idoiaasurmendi.com\/#logo\"}},{\"@type\":\"WebSite\",\"@id\":\"https:\/\/idoiaasurmendi.com\/#website\",\"url\":\"https:\/\/idoiaasurmendi.com\/\",\"name\":\"Belako\",\"description\":\"Web Oficial\",\"publisher\":{\"@id\":\"https:\/\/idoiaasurmendi.com\/#organization\"},\"potentialAction\":[{\"@type\":\"SearchAction\",\"target\":\"https:\/\/idoiaasurmendi.com\/?s={search_term_string}\",\"query-input\":\"required name=search_term_string\"}],\"inLanguage\":\"eu-ES\"},{\"@type\":\"ImageObject\",\"@id\":\"https:\/\/idoiaasurmendi.com\/eu\/la-castellana\/#primaryimage\",\"inLanguage\":\"eu-ES\",\"url\":\"https:\/\/idoiaasurmendi.com\/wp-content\/uploads\/2021\/04\/portada-disco.jpg\",\"contentUrl\":\"https:\/\/idoiaasurmendi.com\/wp-content\/uploads\/2021\/04\/portada-disco.jpg\",\"width\":772,\"height\":702},{\"@type\":\"WebPage\",\"@id\":\"https:\/\/idoiaasurmendi.com\/eu\/la-castellana\/#webpage\",\"url\":\"https:\/\/idoiaasurmendi.com\/eu\/la-castellana\/\",\"name\":\"La castellana | Idoia Asurmendi\",\"isPartOf\":{\"@id\":\"https:\/\/idoiaasurmendi.com\/#website\"},\"primaryImageOfPage\":{\"@id\":\"https:\/\/idoiaasurmendi.com\/eu\/la-castellana\/#primaryimage\"},\"datePublished\":\"2024-10-18T16:29:07+00:00\",\"dateModified\":\"2024-12-08T18:59:00+00:00\",\"breadcrumb\":{\"@id\":\"https:\/\/idoiaasurmendi.com\/eu\/la-castellana\/#breadcrumb\"},\"inLanguage\":\"eu-ES\",\"potentialAction\":[{\"@type\":\"ReadAction\",\"target\":[\"https:\/\/idoiaasurmendi.com\/eu\/la-castellana\/\"]}]},{\"@type\":\"BreadcrumbList\",\"@id\":\"https:\/\/idoiaasurmendi.com\/eu\/la-castellana\/#breadcrumb\",\"itemListElement\":[{\"@type\":\"ListItem\",\"position\":1,\"item\":{\"@type\":\"WebPage\",\"@id\":\"https:\/\/idoiaasurmendi.com\/eu\/\",\"url\":\"https:\/\/idoiaasurmendi.com\/eu\/\",\"name\":\"Portada\"}},{\"@type\":\"ListItem\",\"position\":2,\"item\":{\"@type\":\"WebPage\",\"@id\":\"https:\/\/idoiaasurmendi.com\/eu\/la-castellana\/\",\"url\":\"https:\/\/idoiaasurmendi.com\/eu\/la-castellana\/\",\"name\":\"La castellana\"}}]}]}<\/script>\n<!-- \/ Yoast SEO plugin. -->","_links":{"self":[{"href":"https:\/\/idoiaasurmendi.com\/eu\/wp-json\/wp\/v2\/pages\/3683"}],"collection":[{"href":"https:\/\/idoiaasurmendi.com\/eu\/wp-json\/wp\/v2\/pages"}],"about":[{"href":"https:\/\/idoiaasurmendi.com\/eu\/wp-json\/wp\/v2\/types\/page"}],"author":[{"embeddable":true,"href":"https:\/\/idoiaasurmendi.com\/eu\/wp-json\/wp\/v2\/users\/4"}],"replies":[{"embeddable":true,"href":"https:\/\/idoiaasurmendi.com\/eu\/wp-json\/wp\/v2\/comments?post=3683"}],"version-history":[{"count":10,"href":"https:\/\/idoiaasurmendi.com\/eu\/wp-json\/wp\/v2\/pages\/3683\/revisions"}],"predecessor-version":[{"id":3838,"href":"https:\/\/idoiaasurmendi.com\/eu\/wp-json\/wp\/v2\/pages\/3683\/revisions\/3838"}],"wp:attachment":[{"href":"https:\/\/idoiaasurmendi.com\/eu\/wp-json\/wp\/v2\/media?parent=3683"}],"curies":[{"name":"wp","href":"https:\/\/api.w.org\/{rel}","templated":true}]}}